{"id":15,"date":"2019-07-02T05:11:45","date_gmt":"2019-07-02T05:11:45","guid":{"rendered":"https:\/\/fresh60days.com\/home\/"},"modified":"2025-08-12T16:33:52","modified_gmt":"2025-08-12T09:33:52","slug":"home","status":"publish","type":"page","link":"https:\/\/fresh60days.com\/vi\/","title":{"rendered":"Home"},"content":{"rendered":"<p> <img decoding=\"async\" loading=\"lazy\" title=\"TEM VN\" src=\"https:\/\/fresh60days.com\/wp-content\/uploads\/2020\/12\/TEM-VN.png\" alt=\"TEM VN\" width=\"617\" height=\"403\" \/> <img decoding=\"async\" loading=\"lazy\" title=\"878f572f77e0a1bef8f1\" src=\"https:\/\/fresh60days.com\/wp-content\/uploads\/2023\/11\/878f572f77e0a1bef8f1.jpg\" alt=\"878f572f77e0a1bef8f1\" width=\"733\" height=\"910\" \/><\/p>\r\n<h3><b>H\u00c0NH TR\u00ccNH K\u1ef2 DI\u1ec6U 60 NG\u00c0Y<\/b><\/h3>\r\n<p>S\u00f4-c\u00f4-la 60DAYS t\u1ef1 h\u00e0o l\u00e0 s\u1ea3n ph\u1ea9m \u0111\u01b0\u1ee3c s\u1ea3n xu\u1ea5t v\u00e0 c\u1ea3i ti\u1ebfn m\u1edbi v\u1edbi quy tr\u00ecnh 100% t\u1ea1i \u0111\u1ecba ph\u01b0\u01a1ng. So v\u1edbi quy tr\u00ecnh s\u1ea3n xu\u1ea5t th\u00f4ng th\u01b0\u1eddng t\u1eeb 6 th\u00e1ng \u0111\u1ebfn 2 n\u0103m, 60DAYS \u0111\u00e1nh d\u1ea5u b\u01b0\u1edbc \u0111\u1ed9t ph\u00e1 trong vi\u1ec7c tinh g\u1ecdn s\u1ea3n xu\u1ea5t xu\u1ed1ng ch\u1ec9 c\u00f2n 60 ng\u00e0y. <b>Nh\u1edd \u0111\u00f3, l\u01b0u gi\u1eef tr\u1ecdn v\u1eb9n \u0111\u1ed9 t\u01b0\u01a1i v\u00e0 h\u01b0\u01a1ng v\u1ecb nguy\u00ean s\u01a1 trong h\u1ea1t cacao.<\/b><\/p>\r\n<p>V\u1edbi v\u01b0\u1eddn cacao v\u00e0 nh\u00e0 m\u00e1y t\u1ea1i B\u1ebfn Tre v\u00e0 B\u00ecnh D\u01b0\u01a1ng, 60DAYS <b>\u0111\u1ea3m b\u1ea3o ngu\u1ed3n cung s\u1ea1ch &amp; b\u1ec1n v\u1eefng <\/b>\u0111\u01b0\u1ee3c tr\u1ed3ng b\u1edfi ch\u00ednh ng\u01b0\u1eddi n\u00f4ng d\u00e2n \u0111\u1ecba ph\u01b0\u01a1ng, k\u1ebft h\u1ee3p c\u00f9ng qu\u00e1 tr\u00ecnh l\u00ean men theo ti\u00eau chu\u1ea9n ri\u00eang v\u00e0 c\u00f4ng th\u1ee9c rang \u1edf nhi\u1ec7t \u0111\u1ed9 th\u1ea5p \u0111\u1eb7c tr\u01b0ng.<\/p>\r\n<p><b>H\u00e0nh tr\u00ecnh 60 ng\u00e0y tuy ng\u1eafn ng\u1ee7i nh\u01b0ng \u0111\u00f3 l\u00e0 60 ng\u00e0y lao \u0111\u1ed9ng mi\u1ec7t m\u00e0i <\/b><b>hard working<\/b><b> K\u1ec3 v\u1ec1 c\u00e2u chuy\u1ec7n c\u1ee7a 60DAYS, ch\u00fang t\u00f4i t\u1ef1 h\u00e0o r\u1eb1ng \u0111\u00e2y kh\u00f4ng ch\u1ec9 l\u00e0 d\u00f2ng s\u00f4-c\u00f4-la th\u01b0\u1ee3ng h\u1ea1ng m\u00e0 c\u00f2n l\u00e0 m\u1ed9t h\u00e0nh tr\u00ecnh \u0111\u1ea7y c\u1ea3m h\u1ee9ng v\u00e0 \u00fd ngh\u0129a<\/b>, mang l\u1ea1i nh\u1eefng gi\u00e1 tr\u1ecb l\u1edbn h\u01a1n cho m\u00f4i tr\u01b0\u1eddng, c\u1ed9ng \u0111\u1ed3ng v\u00e0 ng\u01b0\u1eddi n\u00f4ng d\u00e2n.<\/p>\r\n<p><img decoding=\"async\" loading=\"lazy\" title=\"TEM VN\" src=\"https:\/\/fresh60days.com\/wp-content\/uploads\/2020\/12\/TEM-VN.png\" alt=\"TEM VN\" width=\"617\" height=\"403\" \/> <img decoding=\"async\" loading=\"lazy\" title=\"Website-60days layout\" src=\"https:\/\/fresh60days.com\/wp-content\/uploads\/2023\/11\/Slide-3.1-Hinh-bac-Gricha.jpg\" alt=\"Website-60days layout\" width=\"1024\" height=\"738\" \/><\/p>\r\n<h3><strong>KH\u1edeI NGU\u1ed2N T\u1eea \u0110AM M\u00ca<\/strong><\/h3>\r\n<p>&nbsp;<\/p>\r\n<p>C\u00e1ch \u0111\u00e2y 30 n\u0103m, Gricha Safarian, m\u1ed9t doanh nh\u00e2n ng\u01b0\u1eddi B\u1ec9, \u0111\u1ebfn Vi\u1ec7t Nam v\u00e0 \u0111em l\u00f2ng c\u1ea3m m\u1ebfn n\u01a1i \u0111\u00e2y. Chuy\u1ebfn th\u0103m \u0111\u1ea7u ti\u00ean \u0111\u00f3 \u0111\u00e3 thuy\u1ebft ph\u1ee5c Safarian v\u1ec1 kh\u1ea3 n\u0103ng ph\u00e1t tri\u1ec3n v\u00e0 ch\u1ea5t l\u01b0\u1ee3ng c\u1ee7a cacao Vi\u1ec7t Nam. V\u1edbi s\u1ef1 \u0111a d\u1ea1ng trong ph\u01b0\u01a1ng ph\u00e1p s\u1ea3n xu\u1ea5t, s\u00f4-c\u00f4-la l\u00e0m t\u1eeb ngu\u1ed3n ca cao Vi\u1ec7t Nam t\u1ea1o ra m\u1ed9t t\u1ea7ng h\u01b0\u01a1ng v\u1ecb \u0111\u1ed9c \u0111\u00e1o c\u1ee7a h\u01b0\u01a1ng hoa v\u00e0 v\u1ecb tr\u00e1i c\u00e2y <b>Sau 25 n\u0103m, Puratos Grand-Place v\u1eabn gi\u1eef v\u1ecb tr\u00ed ti\u00ean phong tr\u00ean th\u1ecb tr\u01b0\u1eddng s\u00f4c\u00f4la Vi\u1ec7t Nam v\u1edbi n\u1ed7 l\u1ef1c \u0111\u1ec3 n\u00e2ng cao v\u1ecb th\u1ebf<\/b>t\u1ea1o ra c\u00e1c s\u1ea3n ph\u1ea9m mang gi\u00e1 tr\u1ecb gia t\u0103ng, ngu\u1ed3n g\u1ed1c th\u00e2n thi\u1ec7n v\u1edbi m\u00f4i tr\u01b0\u1eddng v\u00e0 g\u1ea7n g\u0169i v\u1edbi c\u1ed9ng \u0111\u1ed3ng.<\/p>\r\n<p><img decoding=\"async\" loading=\"lazy\" src=\"https:\/\/fresh60days.com\/wp-content\/uploads\/2023\/11\/Slide-3.3-sign.png\" alt=\"\" width=\"200\" height=\"43\" \/><\/p>\r\n<p><b>G\u1ed0C VI\u1ec6T \n(VIETNAM SINGLE ORIGIN)<\/b><\/p>\r\n<p><i>Vi\u1ec7t Nam \u0111\u00e3 tr\u1edf th\u00e0nh qu\u1ed1c gia ch\u00e2u \u00c1 th\u1ee9 hai \u0111\u1ea1t danh hi\u1ec7u Fine Flavor Cacao (FFC) t\u1eeb T\u1ed5 ch\u1ee9c Cacao Qu\u1ed1c t\u1ebf (ICCO) v\u00e0o n\u0103m 2016.<\/i><\/p>\r\n<p>Like other agricultural products, climate and soil are key contributors to the cocoa flavor&#8217;s profile. 60DAYS chocolate made from the <b>H\u1ea1t cacao Vi\u1ec7t Nam lu\u00f4n n\u1ed5i b\u1eadt b\u1edfi h\u01b0\u01a1ng cacao \u0111\u1eadm \u0111\u00e0, v\u1ecb chua t\u1ef1 nhi\u00ean v\u00e0 h\u01b0\u01a1ng tr\u00e1i c\u00e2y s\u1eafc n\u00e9t.<\/b><\/p>\r\n<h2>H\u00c0NH TR\u00ccNH C\u1ee6A 60DAYS<\/h2>\r\n<p><img decoding=\"async\" loading=\"lazy\" title=\"Website-60days layout\" src=\"https:\/\/fresh60days.com\/wp-content\/uploads\/2020\/11\/nongdan-1024x856.jpg\" alt=\"Website-60days layout\" width=\"1024\" height=\"856\" \/> <img decoding=\"async\" loading=\"lazy\" title=\"day1\" src=\"https:\/\/fresh60days.com\/wp-content\/uploads\/2020\/12\/day1.jpg\" alt=\"day1\" width=\"205\" height=\"59\" \/><\/p>\r\n<h2>THU HO\u1ea0CH<\/h2>\r\n<h5>IN FARMER&#8217;S GARDEN<br \/>B\u1ebeN TRE<\/h5>\r\n<p>Ng\u01b0\u1eddi n\u00f4ng d\u00e2n g\u1eb7t nh\u1eefng tr\u00e1i cacao ch\u00edn \u0111\u1ee7 m\u00e0u t\u1eeb v\u01b0\u1eddn nh\u00e0 \u0111\u1ec3 thu l\u1ea5y h\u1ea1t t\u01b0\u01a1i, v\u00e0 v\u1eadn chuy\u1ec3n \u0111\u1ebfn Trung t\u00e2m Sau Thu Ho\u1ea1ch, Puratos Grand-Place, B\u1ebfn Tre \u0111\u1ec3 l\u00ean men ngay trong ng\u00e0y<\/p>\r\n<p>S\u00f4-c\u00f4-la 60DAYS \u0111\u01b0\u1ee3c l\u00e0m t\u1eeb nh\u1eefng h\u1ea1t cacao \u0111\u1ea1t chu\u1ea9n ch\u1ea5t l\u01b0\u1ee3ng, \u0111\u01b0\u1ee3c ch\u0103m s\u00f3c k\u0129 l\u01b0\u1ee1ng b\u1edfi ng\u01b0\u1eddi n\u00f4ng d\u00e2n CACAO-TRACE v\u00e0 c\u00e1c k\u1ef9 thu\u1eadt vi\u00ean n\u00f4ng h\u1ecdc Puratos Grand-Place t\u1eeb l\u00fac gieo h\u1ea1t \u0111\u1ebfn khi thu ho\u1ea1ch. Do \u0111\u00f3, n\u0103ng su\u1ea5t v\u1ee5 m\u00f9a lu\u00f4n \u0111\u01b0\u1ee3c \u0111\u1ea3m b\u1ea3o tr\u01b0\u1edbc nh\u1eefng b\u1ea5t l\u1ee3i t\u1eeb thi\u00ean nhi\u00ean nh\u01b0 thi\u00ean tai hay s\u00e2u b\u1ec7nh h\u1ea1i.<\/p>\r\n<p><a href=\"https:\/\/fresh60days.com\/vi\/harvest\/\">see more&#8230;<\/a><\/p>\r\n<p><img decoding=\"async\" src=\"https:\/\/fresh60days.com\/wp-content\/uploads\/2020\/12\/day7.jpg\" alt=\"\" width=\"150\" \/><\/p>\r\n<p>L\u00caN MEN<\/p>\r\n<h5>TR\u1ea0M SAU THU HO\u1ea0CH<br \/>B\u1ebeN TRE<\/h5>\r\n<p>Trong b\u1ea3y ng\u00e0y \u0111\u1ea7u ti\u00ean, qu\u00e1 tr\u00ecnh l\u00ean men t\u1ef1 nhi\u00ean \u0111\u01b0\u1ee3c th\u1ef1c hi\u1ec7n trong c\u00e1c th\u00f9ng g\u1ed7 keo, che ph\u1ee7 b\u1edfi t\u00fai v\u1ea3i \u0111ay. Ch\u1ea5t l\u01b0\u1ee3ng l\u00ean men l\u00e0 \u01b0u ti\u00ean h\u00e0ng \u0111\u1ea7u \u0111\u1ec3 n\u00e2ng t\u1ea7m h\u01b0\u01a1ng v\u1ecb s\u00f4-c\u00f4-la do \u0111\u00f3 quy tr\u00ecnh l\u00ean men \u0111\u01b0\u1ee3c c\u00e1c chuy\u00ean gia Puratos Grand-Place gi\u00e1m s\u00e1t c\u1ea9n th\u1eadn.  B\u1edfi nh\u1edd v\u00e0o qu\u00e1 tr\u00ecnh l\u00ean men \u0111\u00fang c\u00e1ch, c\u00e1c ti\u1ec1n h\u01b0\u01a1ng v\u1ecb s\u00f4 c\u00f4 la trong h\u1ea1t cacao \u0111\u01b0\u1ee3c k\u00edch ho\u1ea1t v\u00e0 ph\u00e1t tri\u1ec3n.<\/p>\r\n<p><a href=\"\/vi\/60days\/fermentation\/\">see more&#8230;<\/a><\/p>\r\n<p><img decoding=\"async\" loading=\"lazy\" title=\"KAI01198\" src=\"https:\/\/fresh60days.com\/wp-content\/uploads\/2020\/12\/KAI01198-1024x684.jpg\" alt=\"KAI01198\" width=\"1024\" height=\"684\" \/> <img decoding=\"async\" loading=\"lazy\" title=\"DSCF0389\" src=\"https:\/\/fresh60days.com\/wp-content\/uploads\/2020\/12\/DSCF0389-1024x683.jpg\" alt=\"DSCF0389\" width=\"1024\" height=\"683\" \/> <img decoding=\"async\" loading=\"lazy\" title=\"day21\" src=\"https:\/\/fresh60days.com\/wp-content\/uploads\/2020\/12\/day21.jpg\" alt=\"day21\" width=\"241\" height=\"52\" \/><\/p>\r\n<h2>PH\u01a0I H\u1ea0T<\/h2>\r\n<h5>TR\u1ea0M SAU THU HO\u1ea0CH<br \/>B\u1ebeN TRE<\/h5>\r\n<p>H\u1ea1t cacao \u0111\u00e3 l\u00ean men \u0111\u01b0\u1ee3c ph\u01a1i d\u01b0\u1edbi \u00e1nh n\u1eafng m\u1eb7t tr\u1eddi trong 14 ng\u00e0y. Khi h\u1ea1t cacao \u0111\u00e3 \u0111\u1ea1t ti\u00eau chu\u1ea9n v\u1ec1 \u0111\u1ed9 \u1ea9m, ch\u00fang \u0111\u01b0\u1ee3c ch\u1ecdn l\u1ef1a \u0111\u1ec3 th\u1ef1c hi\u1ec7n \u0111\u00e1nh gi\u00e1 ch\u1ea5t l\u01b0\u1ee3ng l\u00ean men, s\u1eb5n s\u00e0ng cho c\u00e1c quy tr\u00ecnh s\u1ea3n xu\u1ea5t ra th\u00e0nh ph\u1ea9m s\u00f4-c\u00f4-la v\u1ec1 sau.<\/p>\r\n<p><img decoding=\"async\" loading=\"lazy\" title=\"Website-60days layout\" src=\"https:\/\/fresh60days.com\/wp-content\/uploads\/2020\/12\/cat-1024x855.jpg\" alt=\"Website-60days layout\" width=\"1024\" height=\"855\" \/> <img decoding=\"async\" loading=\"lazy\" title=\"day21-41\" src=\"https:\/\/fresh60days.com\/wp-content\/uploads\/2020\/12\/day21-41.png\" alt=\"day21-41\" width=\"277\" height=\"62\" \/><\/p>\r\n<h2>CUT TEST &amp; <br \/>B\u01af\u1edaC CHUY\u1ec2N TI\u1ebeP<\/h2>\r\n<h5>TR\u1ea0M SAU THU HO\u1ea0CH<br \/>B\u1ebeN TRE<\/h5>\r\n<p>B\u01b0\u1edbc c\u1eaft th\u1eed nghi\u1ec7m \u0111\u01b0\u1ee3c ti\u1ebfn h\u00e0nh \u0111\u1ec3 \u0111\u00e1nh gi\u00e1 ch\u1ea5t l\u01b0\u1ee3ng qu\u00e1 tr\u00ecnh l\u00ean men v\u00e0 ph\u01a1i kh\u00f4 th\u00f4ng qua vi\u1ec7c c\u1ea3m quan b\u1eb1ng m\u00e0u s\u1eafc v\u00e0 m\u00f9i c\u1ee7a h\u1ea1t cacao c\u1ee7a k\u1ef9 thu\u1eadt vi\u00ean. B\u1eb1ng d\u1ee5ng c\u1ee5 chuy\u00ean d\u1ee5ng, k\u1ef9 thu\u1eadt vi\u00ean c\u1eaft \u0111\u00f4i h\u1ea1t cacao v\u00e0 quan s\u00e1t c\u00e1c s\u1eafc \u0111\u1ed9 n\u00e2u kh\u00e1c nhau \u0111\u1ec3 \u0111\u00e1nh gi\u00e1 ch\u1ea5t l\u01b0\u1ee3ng l\u00ean men. T\u1ea5t c\u1ea3 c\u00e1c ch\u1ec9 s\u1ed1 ch\u1ea5t l\u01b0\u1ee3ng c\u1ee7a h\u1ea1t cacao \u0111\u1ec1u \u0111\u01b0\u1ee3c ghi ch\u00fa c\u1ea9n th\u1eadn tr\u00ean m\u1ed7i m\u1ebb tr\u01b0\u1edbc khi rang v\u00e0 nghi\u1ec1n.<\/p>\r\n<p>H\u1ea1t cacao \u0111\u1ee7 ti\u00eau chu\u1ea9n s\u1ebd \u0111\u01b0\u1ee3c chuy\u1ec3n \u0111\u1ebfn d\u00e2y chuy\u1ec1n rang v\u00e0 nghi\u1ec1n thay v\u00ec l\u01b0u tr\u1eef v\u00e0...<\/p>\r\n<p><a href=\"\/vi\/60days\/cut-test-short-transition\/\">see more&#8230;<\/a><\/p>\r\n<p><img decoding=\"async\" src=\"https:\/\/fresh60days.com\/wp-content\/uploads\/2020\/12\/day41-45.png\" alt=\"\" width=\"150\" \/><\/p>\r\n<p>RANG V\u00c0 NGHI\u1ec0N<\/p>\r\n<h5>TR\u1ea0M SAU THU HO\u1ea0CH<br \/>B\u1ebeN TRE<\/h5>\r\n<p>C\u00f4ng th\u1ee9c rang cacao \u0111\u01b0\u1ee3c nghi\u00ean c\u1ee9u v\u00e0 \u00e1p d\u1ee5ng ri\u00eang v\u1edbi h\u1ea1t cacao Vi\u1ec7t Nam nh\u1eb1m ph\u00e1t tri\u1ec3n t\u1ed1i \u0111a h\u01b0\u01a1ng v\u1ecb \u0111\u1eb7c tr\u01b0ng c\u1ee7a n\u00f3. \u0110\u1eb7c bi\u1ec7t nhi\u1ec7t \u0111\u1ed9 rang lu\u00f4n \u0111\u01b0\u1ee3c duy tr\u00ec \u1edf m\u1ee9c th\u1ea5p \u0111\u1ec3 c\u00e1c h\u01b0\u01a1ng v\u1ecb nguy\u00ean s\u01a1 \u0111\u01b0\u1ee3c l\u01b0u gi\u1eef m\u00e0 v\u1eabn \u0111\u1ea3m b\u1ea3o c\u00e1c ti\u00eau chu\u1ea9n v\u1ec7 sinh an to\u00e0n th\u1ef1c ph\u1ea9m<\/p>\r\n<p>Th\u00e0nh ph\u1ea9m cacao t\u01b0\u01a1i nguy\u00ean kh\u1ed1i \u0111\u01b0\u1ee3c ch\u1edf \u0111\u1ebfn nh\u00e0 m\u00e1y S\u00f4-c\u00f4-la, Puratos Grand-Place, B\u00ecnh D\u01b0\u01a1ng, ch\u1ec9 c\u00e1ch B\u1ebfn Tre 120 km. V\u1edbi kho\u1ea3ng c\u00e1ch r\u00fat ng\u1eafn nh\u01b0 v\u1eady, \u0111\u1ed9 t\u01b0\u01a1i trong kh\u1ed1i cacao \u0111\u01b0\u1ee3c b\u1ea3o to\u00e0n, s\u1eb5n s\u00e0ng cho ra \u0111\u1eddi m\u1ed9t d\u00f2ng s\u00f4-c\u00f4-la h\u1ea3o h\u1ea1ng.<\/p>\r\n<p><img decoding=\"async\" loading=\"lazy\" title=\"be28f180-0a91-4256-a062-41fdb2993e33\" src=\"https:\/\/fresh60days.com\/wp-content\/uploads\/2020\/12\/be28f180-0a91-4256-a062-41fdb2993e33.png\" alt=\"be28f180-0a91-4256-a062-41fdb2993e33\" width=\"980\" height=\"790\" \/> <img decoding=\"async\" loading=\"lazy\" title=\"h1\" src=\"https:\/\/fresh60days.com\/wp-content\/uploads\/2020\/12\/h1.png\" alt=\"h1\" width=\"898\" height=\"852\" \/> <img decoding=\"async\" loading=\"lazy\" title=\"45-60\" src=\"https:\/\/fresh60days.com\/wp-content\/uploads\/2020\/12\/45-60.png\" alt=\"45-60\" width=\"244\" height=\"53\" \/><\/p>\r\n<h2>CONCHING &amp; MOLDING<\/h2>\r\n<h5>NH\u00c0 M\u00c1Y S\u00d4-C\u00d4-LA<br \/>B\u00ccNH D\u01af\u01a0NG<\/h5>\r\n<p>The chocolate-making stage takes 15 days from the chocolate recipe to the final quality check. The last step completes the whole connected process &#8220;from farm to chocolate&#8221; in 60 days. Short production time is to preserve natural flavors and to develop a rich flavor chocolate.<\/p>\r\n<p><img decoding=\"async\" loading=\"lazy\" title=\"Dark Eng\" src=\"https:\/\/fresh60days.com\/wp-content\/uploads\/2024\/03\/Dark-Vie.png\" alt=\"Dark Eng\" width=\"1600\" height=\"1300\" \/> <img decoding=\"async\" src=\"https:\/\/fresh60days.com\/wp-content\/plugins\/bb-plugin\/img\/pixel.png\" alt=\"\" \/> <img decoding=\"async\" loading=\"lazy\" title=\"Milk Eng\" src=\"https:\/\/fresh60days.com\/wp-content\/uploads\/2024\/03\/Milk-Vie.png\" alt=\"Milk Eng\" width=\"1600\" height=\"1300\" \/><\/p>\r\n<h2>TIN T\u1ee8C<\/h2>\r\n<p><a href=\"https:\/\/fresh60days.com\/vi\/news\/\" target=\"_self\" rel=\"noopener\"> Xem t\u1ea5t c\u1ea3 tin t\u1ee9c <\/a> <b>CONTACT INFO &#8211; <\/b><b>Puratos<\/b><b> Grand-Place\u00ae Vietnam<br \/><\/b>Email: <u><a href=\"mailto:info@puratosgrandplace.com\">info@puratosgrandplace.com<\/a><br \/><\/u>Website: puratosgrandplace.com <b>Nh\u00e0 m\u00e1y s\u1ea3n xu\u1ea5t S\u00f4-c\u00f4-la<\/b><br \/>51 \u0110\u01b0\u1eddng s\u1ed1 8, KCN Vi\u1ec7t Nam - Singapore, Th\u00e0nh ph\u1ed1 Thu\u1eadn An,<br \/>T\u1ec9nh B\u00ecnh D\u01b0\u01a1ng, Vi\u1ec7t Nam.<br \/>Tel : +84.274.730.6565 Post-harvest Center &amp; Grinding Factory<br \/>L\u00f4 F1-F3 KCN Giao Long, Huy\u1ec7n Ch\u00e2u Th\u00e0nh,<br \/>T\u1ec9nh B\u1ebfn Tre, Vi\u1ec7t Nam.<br \/>Tel: +84.275.361.0854 2021 &#8211; ALL RIGHTS RESERVED BY PURATOS GRAND-PLACE VIETNAM LTD<\/p>","protected":false},"excerpt":{"rendered":"<p>MAGICAL JOURNEY OF 60DAYS! 60DAYS chocolate is proud to be a newly improved product by a 100% local process. Compared to conventional production process of 6 months to 2 years, 60DAYS marks a breakthrough in streamlining production to just 60 days. Therefore, the freshness and pristine flavor of the cocoa beans are preserved. Thanks to &hellip;<\/p>\n<p class=\"read-more\"> <a class=\"\" href=\"https:\/\/fresh60days.com\/vi\/\"> <span class=\"screen-reader-text\">Home<\/span> Read More &raquo;<\/a><\/p>","protected":false},"author":4,"featured_media":0,"parent":0,"menu_order":0,"comment_status":"closed","ping_status":"closed","template":"","meta":{"site-sidebar-layout":"default","site-content-layout":"page-builder","ast-global-header-display":"","ast-banner-title-visibility":"","ast-main-header-display":"","ast-hfb-above-header-display":"","ast-hfb-below-header-display":"","ast-hfb-mobile-header-display":"","site-post-title":"disabled","ast-breadcrumbs-content":"","ast-featured-img":"disabled","footer-sml-layout":"","theme-transparent-header-meta":"enabled","adv-header-id-meta":"","stick-header-meta":"","header-above-stick-meta":"","header-main-stick-meta":"","header-below-stick-meta":""},"_links":{"self":[{"href":"https:\/\/fresh60days.com\/vi\/wp-json\/wp\/v2\/pages\/15"}],"collection":[{"href":"https:\/\/fresh60days.com\/vi\/wp-json\/wp\/v2\/pages"}],"about":[{"href":"https:\/\/fresh60days.com\/vi\/wp-json\/wp\/v2\/types\/page"}],"author":[{"embeddable":true,"href":"https:\/\/fresh60days.com\/vi\/wp-json\/wp\/v2\/users\/4"}],"replies":[{"embeddable":true,"href":"https:\/\/fresh60days.com\/vi\/wp-json\/wp\/v2\/comments?post=15"}],"version-history":[{"count":335,"href":"https:\/\/fresh60days.com\/vi\/wp-json\/wp\/v2\/pages\/15\/revisions"}],"predecessor-version":[{"id":1456,"href":"https:\/\/fresh60days.com\/vi\/wp-json\/wp\/v2\/pages\/15\/revisions\/1456"}],"wp:attachment":[{"href":"https:\/\/fresh60days.com\/vi\/wp-json\/wp\/v2\/media?parent=15"}],"curies":[{"name":"wp","href":"https:\/\/api.w.org\/{rel}","templated":true}]}}