{"id":724,"date":"2020-12-07T07:05:43","date_gmt":"2020-12-07T07:05:43","guid":{"rendered":"https:\/\/fresh60days.com\/?page_id=724"},"modified":"2021-01-18T14:47:40","modified_gmt":"2021-01-18T14:47:40","slug":"harvest","status":"publish","type":"page","link":"https:\/\/fresh60days.com\/vi\/harvest\/","title":{"rendered":"Harvest"},"content":{"rendered":"<a href=\"\/vi\/#section4\" target=\"_self\" role=\"button\" rel=\"noopener\">\n\t\t\t\t\t\t\t<\/a>\n\t\t\t\t<img decoding=\"async\" loading=\"lazy\" src=\"https:\/\/fresh60days.com\/wp-content\/uploads\/2020\/12\/SUB-PAGE-02-FARMERS-25.11-01.jpg\" alt=\"Website-60days layout\" itemprop=\"image\" height=\"1125\" width=\"1352\" title=\"Website-60days layout\" onerror=\"this.style.display='none'\"  \/>\n<h2>\n\t\tTHU HO\u1ea0CH\n\t<\/h2>\n<h2>\n\t\tIN FARMER&#8217;S GARDEN <br \/>B\u1ebeN TRE\n\t<\/h2>\n\t<p>Ng\u01b0\u1eddi n\u00f4ng d\u00e2n g\u1eb7t nh\u1eefng tr\u00e1i cacao ch\u00edn \u0111\u1ee7 m\u00e0u t\u1eeb v\u01b0\u1eddn nh\u00e0 \u0111\u1ec3 thu l\u1ea5y h\u1ea1t t\u01b0\u01a1i, v\u00e0 v\u1eadn chuy\u1ec3n \u0111\u1ebfn Trung t\u00e2m Sau Thu Ho\u1ea1ch, Puratos Grand-Place, B\u1ebfn Tre \u0111\u1ec3 l\u00ean men ngay trong ng\u00e0y<\/p>\n<p>S\u00f4-c\u00f4-la 60DAYS \u0111\u01b0\u1ee3c l\u00e0m t\u1eeb nh\u1eefng h\u1ea1t cacao \u0111\u1ea1t chu\u1ea9n ch\u1ea5t l\u01b0\u1ee3ng, \u0111\u01b0\u1ee3c ch\u0103m s\u00f3c k\u0129 l\u01b0\u1ee1ng b\u1edfi ng\u01b0\u1eddi n\u00f4ng d\u00e2n CACAO-TRACE v\u00e0 c\u00e1c k\u1ef9 thu\u1eadt vi\u00ean n\u00f4ng h\u1ecdc Puratos Grand-Place t\u1eeb l\u00fac gieo h\u1ea1t \u0111\u1ebfn khi thu ho\u1ea1ch. Do \u0111\u00f3, n\u0103ng su\u1ea5t v\u1ee5 m\u00f9a lu\u00f4n \u0111\u01b0\u1ee3c \u0111\u1ea3m b\u1ea3o tr\u01b0\u1edbc nh\u1eefng b\u1ea5t l\u1ee3i t\u1eeb thi\u00ean nhi\u00ean nh\u01b0 thi\u00ean tai hay s\u00e2u b\u1ec7nh h\u1ea1i.<\/p>\n\t\t\t\t<img decoding=\"async\" loading=\"lazy\" src=\"https:\/\/fresh60days.com\/wp-content\/uploads\/2020\/12\/SUB-PAGE-02-FARMERS-25.11-02.jpg\" alt=\"Website-60days layout\" itemprop=\"image\" height=\"447\" width=\"608\" title=\"Website-60days layout\" onerror=\"this.style.display='none'\"  \/>\n\t\t\t\t<img decoding=\"async\" loading=\"lazy\" src=\"https:\/\/fresh60days.com\/wp-content\/uploads\/2020\/12\/SUB-PAGE-02-FARMERS-25.11-03.jpg\" alt=\"Website-60days layout\" itemprop=\"image\" height=\"1217\" width=\"954\" title=\"Website-60days layout\" onerror=\"this.style.display='none'\"  \/>\n\t\t\t\t<img decoding=\"async\" loading=\"lazy\" src=\"https:\/\/fresh60days.com\/wp-content\/uploads\/2020\/12\/SUB-PAGE-02-FARMERS-25.11-04.jpg\" alt=\"Website-60days layout\" itemprop=\"image\" height=\"811\" width=\"1146\" title=\"Website-60days layout\" onerror=\"this.style.display='none'\"  \/>\n\t<b>CONTACT INFO &#8211; <\/b><b>Puratos<\/b><b> Grand-Place\u00ae Vietnam<br \/>\n<\/b>Email: <u><a href=\"mailto:info@puratosgrandplace.com\">info@puratosgrandplace.com<\/a><br \/>\n<\/u>Website: puratosgrandplace.com\n\t<b>Nh\u00e0 m\u00e1y s\u1ea3n xu\u1ea5t S\u00f4-c\u00f4-la<\/b><br \/>\n51 \u0110\u01b0\u1eddng s\u1ed1 8, KCN Vi\u1ec7t Nam - Singapore, Th\u00e0nh ph\u1ed1 Thu\u1eadn An,<br \/>\nT\u1ec9nh B\u00ecnh D\u01b0\u01a1ng, Vi\u1ec7t Nam.<br \/>\nTel : +84.274.730.6565\n\tPost-harvest Center &amp; Grinding Factory<br \/>\nL\u00f4 F1-F3 KCN Giao Long, Huy\u1ec7n Ch\u00e2u Th\u00e0nh,<br \/>\nT\u1ec9nh B\u1ebfn Tre, Vi\u1ec7t Nam.<br \/>\nTel: +84.275.361.0854\n\t2021 &#8211; ALL RIGHTS RESERVED BY PURATOS GRAND-PLACE VIETNAM LTD","protected":false},"excerpt":{"rendered":"<p>HARVEST IN FARMER&#8217;S GARDEN BEN TRE PROVINCE Farmers harvest colorful ripe cocoa pods from their home gardens to collect fresh beans and transport them to the Post-harvest center, Puratos Grand-Place in Ben Tre for prompt fermentation. 60DAYS chocolate is made from those fresh, juicy, and white pulpy beans. Moreover, they are taken care of from &hellip;<\/p>\n<p class=\"read-more\"> <a class=\"\" href=\"https:\/\/fresh60days.com\/vi\/harvest\/\"> <span class=\"screen-reader-text\">Harvest<\/span> Read More &raquo;<\/a><\/p>","protected":false},"author":4,"featured_media":0,"parent":0,"menu_order":0,"comment_status":"closed","ping_status":"closed","template":"sup-page.php","meta":{"site-sidebar-layout":"no-sidebar","site-content-layout":"default","ast-global-header-display":"","ast-banner-title-visibility":"","ast-main-header-display":"","ast-hfb-above-header-display":"","ast-hfb-below-header-display":"","ast-hfb-mobile-header-display":"","site-post-title":"disabled","ast-breadcrumbs-content":"","ast-featured-img":"","footer-sml-layout":"","theme-transparent-header-meta":"default","adv-header-id-meta":"","stick-header-meta":"","header-above-stick-meta":"","header-main-stick-meta":"","header-below-stick-meta":""},"_links":{"self":[{"href":"https:\/\/fresh60days.com\/vi\/wp-json\/wp\/v2\/pages\/724"}],"collection":[{"href":"https:\/\/fresh60days.com\/vi\/wp-json\/wp\/v2\/pages"}],"about":[{"href":"https:\/\/fresh60days.com\/vi\/wp-json\/wp\/v2\/types\/page"}],"author":[{"embeddable":true,"href":"https:\/\/fresh60days.com\/vi\/wp-json\/wp\/v2\/users\/4"}],"replies":[{"embeddable":true,"href":"https:\/\/fresh60days.com\/vi\/wp-json\/wp\/v2\/comments?post=724"}],"version-history":[{"count":50,"href":"https:\/\/fresh60days.com\/vi\/wp-json\/wp\/v2\/pages\/724\/revisions"}],"predecessor-version":[{"id":1142,"href":"https:\/\/fresh60days.com\/vi\/wp-json\/wp\/v2\/pages\/724\/revisions\/1142"}],"wp:attachment":[{"href":"https:\/\/fresh60days.com\/vi\/wp-json\/wp\/v2\/media?parent=724"}],"curies":[{"name":"wp","href":"https:\/\/api.w.org\/{rel}","templated":true}]}}