{"id":743,"date":"2020-12-07T08:59:17","date_gmt":"2020-12-07T08:59:17","guid":{"rendered":"https:\/\/fresh60days.com\/?page_id=743"},"modified":"2021-01-25T05:09:54","modified_gmt":"2021-01-25T05:09:54","slug":"fermentation","status":"publish","type":"page","link":"https:\/\/fresh60days.com\/vi\/fermentation\/","title":{"rendered":"L\u00caN MEN"},"content":{"rendered":"<a href=\"\/vi\/#section5\" target=\"_self\" role=\"button\" rel=\"noopener\">\n\t\t\t\t\t\t\t<\/a>\n\t\t\t\t<img decoding=\"async\" loading=\"lazy\" src=\"https:\/\/fresh60days.com\/wp-content\/uploads\/2020\/12\/SUB-PAGE-03-FERMENTATION-25.11-01.jpg\" alt=\"Website-60days layout\" itemprop=\"image\" height=\"1122\" width=\"1344\" title=\"Website-60days layout\" onerror=\"this.style.display='none'\"  \/>\n<h2>\n\t\tL\u00caN MEN\n\t<\/h2>\n<h2>\n\t\tTR\u1ea0M SAU THU HO\u1ea0CH <br \/>B\u1ebeN TRE\n\t<\/h2>\n<p>Trong b\u1ea3y ng\u00e0y \u0111\u1ea7u ti\u00ean, qu\u00e1 tr\u00ecnh l\u00ean men t\u1ef1 nhi\u00ean \u0111\u01b0\u1ee3c th\u1ef1c hi\u1ec7n trong c\u00e1c th\u00f9ng g\u1ed7 keo, che ph\u1ee7 b\u1edfi t\u00fai v\u1ea3i \u0111ay. Ch\u1ea5t l\u01b0\u1ee3ng l\u00ean men l\u00e0 \u01b0u ti\u00ean h\u00e0ng \u0111\u1ea7u \u0111\u1ec3 n\u00e2ng t\u1ea7m h\u01b0\u01a1ng v\u1ecb s\u00f4-c\u00f4-la do \u0111\u00f3 quy tr\u00ecnh l\u00ean men \u0111\u01b0\u1ee3c c\u00e1c chuy\u00ean gia Puratos Grand-Place gi\u00e1m s\u00e1t c\u1ea9n th\u1eadn.  B\u1edfi nh\u1edd v\u00e0o qu\u00e1 tr\u00ecnh l\u00ean men \u0111\u00fang c\u00e1ch, c\u00e1c ti\u1ec1n h\u01b0\u01a1ng v\u1ecb s\u00f4 c\u00f4 la trong h\u1ea1t cacao \u0111\u01b0\u1ee3c k\u00edch ho\u1ea1t v\u00e0 ph\u00e1t tri\u1ec3n.<\/p>\n<p>K\u1ef9 thu\u1eadt vi\u00ean l\u00ean men lu\u00f4n ki\u1ec3m tra h\u00e0m l\u01b0\u1ee3ng \u0111\u01b0\u1eddng v\u00e0 t\u1ea1p ch\u1ea5t khi thu mua h\u1ea1t cacao t\u01b0\u01a1i, \u0111\u1ec3 \u0111\u1ea3m b\u1ea3o ch\u1ea5t l\u01b0\u1ee3ng h\u1ea1t mua v\u00e0o. Trong th\u1eddi gian l\u00ean men, nhi\u1ec7t \u0111\u1ed9 trong v\u00e0 ngo\u00e0i th\u00f9ng l\u00ean men \u0111\u01b0\u1ee3c theo d\u00f5i v\u00e0 \u0111i\u1ec1u ch\u1ec9nh ph\u00f9 h\u1ee3p b\u1eb1ng ho\u1ea1t \u0111\u1ed9ng \u0111\u1ea3o h\u1ea1t. Ho\u1ea1t \u0111\u1ed9ng \u0111\u1ea3o h\u1ea1t nh\u1eb1m cung c\u1ea5p oxy v\u00e0o th\u00f9ng v\u00e0 c\u00e2n b\u1eb1ng nhi\u1ec7t \u0111\u1ed9 trong th\u00f9ng \u1ee7. M\u1ee5c ti\u00eau cu\u1ed1i c\u00f9ng l\u00e0 ch\u1ea5t l\u01b0\u1ee3ng l\u00ean men t\u1ed1i \u01b0u v\u00e0 \u0111\u1ed3ng \u0111\u1ec1u.<\/p>\n\t\t\t\t<img decoding=\"async\" loading=\"lazy\" src=\"https:\/\/fresh60days.com\/wp-content\/uploads\/2020\/12\/SUB-PAGE-03-FERMENTATION-25.11-02.jpg\" alt=\"Website-60days layout\" itemprop=\"image\" height=\"429\" width=\"591\" title=\"Website-60days layout\" onerror=\"this.style.display='none'\"  \/>\n\t\t\t\t<img decoding=\"async\" loading=\"lazy\" src=\"https:\/\/fresh60days.com\/wp-content\/uploads\/2020\/12\/SUB-PAGE-03-FERMENTATION-25.11-03.jpg\" alt=\"Website-60days layout\" itemprop=\"image\" height=\"1209\" width=\"954\" title=\"Website-60days layout\" onerror=\"this.style.display='none'\"  \/>\n\t\t\t\t<img decoding=\"async\" loading=\"lazy\" src=\"https:\/\/fresh60days.com\/wp-content\/uploads\/2020\/12\/SUB-PAGE-03-FERMENTATION-25.11-04.jpg\" alt=\"Website-60days layout\" itemprop=\"image\" height=\"810\" width=\"1149\" title=\"Website-60days layout\" onerror=\"this.style.display='none'\"  \/>\n\t<b>CONTACT INFO &#8211; <\/b><b>Puratos<\/b><b> Grand-Place\u00ae Vietnam<br \/>\n<\/b>Email: <u><a href=\"mailto:info@puratosgrandplace.com\">info@puratosgrandplace.com<\/a><br \/>\n<\/u>Website: puratosgrandplace.com\n\t<b>Nh\u00e0 m\u00e1y s\u1ea3n xu\u1ea5t S\u00f4-c\u00f4-la<\/b><br \/>\n51 \u0110\u01b0\u1eddng s\u1ed1 8, KCN Vi\u1ec7t Nam - Singapore, Th\u00e0nh ph\u1ed1 Thu\u1eadn An,<br \/>\nT\u1ec9nh B\u00ecnh D\u01b0\u01a1ng, Vi\u1ec7t Nam.<br \/>\nTel : +84.274.730.6565\n\tPost-harvest Center &amp; Grinding Factory<br \/>\nL\u00f4 F1-F3 KCN Giao Long, Huy\u1ec7n Ch\u00e2u Th\u00e0nh,<br \/>\nT\u1ec9nh B\u1ebfn Tre, Vi\u1ec7t Nam.<br \/>\nTel: +84.275.361.0854\n\t2021 &#8211; ALL RIGHTS RESERVED BY PURATOS GRAND-PLACE VIETNAM LTD","protected":false},"excerpt":{"rendered":"<p>FERMENTATION POST-HARVEST CENTER BEN TRE PROVINCE In the first seven days, the natural fermentation is carried out in acacia wooden boxes, covered by jute bags. This process is carefully cared for by Puratos Grand-Place specialists, the high-quality fermented beans are ensured for the next 60DAYS chocolate making steps. Thanks to the right fermentation process, the &hellip;<\/p>\n<p class=\"read-more\"> <a class=\"\" href=\"https:\/\/fresh60days.com\/vi\/fermentation\/\"> <span class=\"screen-reader-text\">L\u00caN MEN<\/span> Read More &raquo;<\/a><\/p>","protected":false},"author":4,"featured_media":0,"parent":0,"menu_order":0,"comment_status":"closed","ping_status":"closed","template":"sup-page.php","meta":{"site-sidebar-layout":"no-sidebar","site-content-layout":"default","ast-global-header-display":"","ast-banner-title-visibility":"","ast-main-header-display":"","ast-hfb-above-header-display":"","ast-hfb-below-header-display":"","ast-hfb-mobile-header-display":"","site-post-title":"disabled","ast-breadcrumbs-content":"","ast-featured-img":"","footer-sml-layout":"","theme-transparent-header-meta":"default","adv-header-id-meta":"","stick-header-meta":"","header-above-stick-meta":"","header-main-stick-meta":"","header-below-stick-meta":""},"_links":{"self":[{"href":"https:\/\/fresh60days.com\/vi\/wp-json\/wp\/v2\/pages\/743"}],"collection":[{"href":"https:\/\/fresh60days.com\/vi\/wp-json\/wp\/v2\/pages"}],"about":[{"href":"https:\/\/fresh60days.com\/vi\/wp-json\/wp\/v2\/types\/page"}],"author":[{"embeddable":true,"href":"https:\/\/fresh60days.com\/vi\/wp-json\/wp\/v2\/users\/4"}],"replies":[{"embeddable":true,"href":"https:\/\/fresh60days.com\/vi\/wp-json\/wp\/v2\/comments?post=743"}],"version-history":[{"count":32,"href":"https:\/\/fresh60days.com\/vi\/wp-json\/wp\/v2\/pages\/743\/revisions"}],"predecessor-version":[{"id":1192,"href":"https:\/\/fresh60days.com\/vi\/wp-json\/wp\/v2\/pages\/743\/revisions\/1192"}],"wp:attachment":[{"href":"https:\/\/fresh60days.com\/vi\/wp-json\/wp\/v2\/media?parent=743"}],"curies":[{"name":"wp","href":"https:\/\/api.w.org\/{rel}","templated":true}]}}