{"id":754,"date":"2020-12-07T09:09:12","date_gmt":"2020-12-07T09:09:12","guid":{"rendered":"https:\/\/fresh60days.com\/?page_id=754"},"modified":"2021-01-18T14:46:33","modified_gmt":"2021-01-18T14:46:33","slug":"cut-test-short-transition","status":"publish","type":"page","link":"https:\/\/fresh60days.com\/vi\/cut-test-short-transition\/","title":{"rendered":"CUT TEST"},"content":{"rendered":"<a href=\"\/vi\/#section7\" target=\"_self\" role=\"button\" rel=\"noopener\">\n\t\t\t\t\t\t\t<\/a>\n\t\t\t\t<img decoding=\"async\" loading=\"lazy\" src=\"https:\/\/fresh60days.com\/wp-content\/uploads\/2020\/12\/SUB-PAGE-05-CUT-TEST-02.jpg\" alt=\"Website-60days layout\" itemprop=\"image\" height=\"1127\" width=\"1356\" title=\"Website-60days layout\" onerror=\"this.style.display='none'\"  \/>\n<h2>\n\t\tCUT TEST &#038; <br \/>B\u01af\u1edaC CHUY\u1ec2N TI\u1ebeP\n\t<\/h2>\n<h2>\n\t\tTR\u1ea0M SAU THU HO\u1ea0CH <br \/>B\u1ebeN TRE\n\t<\/h2>\n\t<p>B\u01b0\u1edbc c\u1eaft th\u1eed nghi\u1ec7m \u0111\u01b0\u1ee3c ti\u1ebfn h\u00e0nh \u0111\u1ec3 \u0111\u00e1nh gi\u00e1 ch\u1ea5t l\u01b0\u1ee3ng qu\u00e1 tr\u00ecnh l\u00ean men v\u00e0 ph\u01a1i kh\u00f4 th\u00f4ng qua vi\u1ec7c c\u1ea3m quan b\u1eb1ng m\u00e0u s\u1eafc v\u00e0 m\u00f9i c\u1ee7a h\u1ea1t cacao c\u1ee7a k\u1ef9 thu\u1eadt vi\u00ean. B\u1eb1ng d\u1ee5ng c\u1ee5 chuy\u00ean d\u1ee5ng, k\u1ef9 thu\u1eadt vi\u00ean c\u1eaft \u0111\u00f4i h\u1ea1t cacao v\u00e0 quan s\u00e1t c\u00e1c s\u1eafc \u0111\u1ed9 n\u00e2u kh\u00e1c nhau \u0111\u1ec3 \u0111\u00e1nh gi\u00e1 ch\u1ea5t l\u01b0\u1ee3ng l\u00ean men. T\u1ea5t c\u1ea3 c\u00e1c ch\u1ec9 s\u1ed1 ch\u1ea5t l\u01b0\u1ee3ng c\u1ee7a h\u1ea1t cacao \u0111\u1ec1u \u0111\u01b0\u1ee3c ghi ch\u00fa c\u1ea9n th\u1eadn tr\u00ean m\u1ed7i m\u1ebb tr\u01b0\u1edbc khi rang v\u00e0 nghi\u1ec1n.<\/p>\n<p>H\u1ea1t cacao \u0111\u1ee7 ti\u00eau chu\u1ea9n s\u1ebd \u0111\u01b0\u1ee3c chuy\u1ec3n \u0111\u1ebfn d\u00e2y chuy\u1ec1n rang v\u00e0 nghi\u1ec1n thay v\u00ec l\u01b0u tr\u1eef v\u00e0 xu\u1ea5t kh\u1ea9u ra n\u01b0\u1edbc ngo\u00e0i. Vi\u1ec7c s\u1edf h\u1eefu m\u1ed9t nh\u00e0 m\u00e1y rang xay t\u1ea1i \u0111\u1ecba ph\u01b0\u01a1ng c\u1ee7a Puratos Grand-Place, tao ra m\u1ed9t quy tr\u00ecnh xuy\u00ean su\u1ed1t, \u0111\u00f3ng m\u1ed9t vai tr\u00f2 quan tr\u1ecdng vi\u1ec7c r\u00fat ng\u1eafn th\u1eddi gian s\u1ea3n xu\u1ea5t. Do \u0111\u00f3, s\u00f4-c\u00f4-la \u0111\u01b0\u1ee3c s\u1ea3n xu\u1ea5t t\u1eeb nh\u1eefng nguy\u00ean li\u1ec7u t\u01b0\u01a1i v\u00e0 ch\u1ea5t l\u01b0\u1ee3ng \u1ed5n \u0111\u1ecbnh nh\u1ea5t.<\/p>\n<p>With a specialized tool, the technicians cut the cocoa beans in half and observe the different shades of brown. All quality aspects of the beans are carefully recorded per batch before being sent to the roasting and grinding phase.<\/p>\n\t\t\t\t<img decoding=\"async\" loading=\"lazy\" src=\"https:\/\/fresh60days.com\/wp-content\/uploads\/2020\/12\/SUB-PAGE-05-CUT-TEST-01-802x1024.jpg\" alt=\"Website-60days layout\" itemprop=\"image\" height=\"1024\" width=\"802\" title=\"Website-60days layout\" onerror=\"this.style.display='none'\"  \/>\n\t\t\t\t<img decoding=\"async\" loading=\"lazy\" src=\"https:\/\/fresh60days.com\/wp-content\/uploads\/2020\/12\/SUB-PAGE-05-CUT-TEST-03-1024x724.jpg\" alt=\"Website-60days layout\" itemprop=\"image\" height=\"724\" width=\"1024\" title=\"Website-60days layout\" onerror=\"this.style.display='none'\"  \/>\n\t<b>CONTACT INFO &#8211; <\/b><b>Puratos<\/b><b> Grand-Place\u00ae Vietnam<br \/>\n<\/b>Email: <u><a href=\"mailto:info@puratosgrandplace.com\">info@puratosgrandplace.com<\/a><br \/>\n<\/u>Website: puratosgrandplace.com\n\t<b>Nh\u00e0 m\u00e1y s\u1ea3n xu\u1ea5t S\u00f4-c\u00f4-la<\/b><br \/>\n51 \u0110\u01b0\u1eddng s\u1ed1 8, KCN Vi\u1ec7t Nam - Singapore, Th\u00e0nh ph\u1ed1 Thu\u1eadn An,<br \/>\nT\u1ec9nh B\u00ecnh D\u01b0\u01a1ng, Vi\u1ec7t Nam.<br \/>\nTel : +84.274.730.6565\n\tPost-harvest Center &amp; Grinding Factory<br \/>\nL\u00f4 F1-F3 KCN Giao Long, Huy\u1ec7n Ch\u00e2u Th\u00e0nh,<br \/>\nT\u1ec9nh B\u1ebfn Tre, Vi\u1ec7t Nam.<br \/>\nTel: +84.275.361.0854\n\t2021 &#8211; ALL RIGHTS RESERVED BY PURATOS GRAND-PLACE VIETNAM LTD","protected":false},"excerpt":{"rendered":"<p>CUT TEST &#038; SHORT TRANSITION POST-HARVEST CENTER BEN TRE PROVINCE The cut-test step is conducted to access the quality of fermentation and drying by the color and smell of the cocoa beans. The qualified beans are switched directly to roasting and grinding factory instead of being stored in the warehouse or cross-border traded. The equipped &hellip;<\/p>\n<p class=\"read-more\"> <a class=\"\" href=\"https:\/\/fresh60days.com\/vi\/cut-test-short-transition\/\"> <span class=\"screen-reader-text\">CUT TEST<\/span> Read More &raquo;<\/a><\/p>","protected":false},"author":4,"featured_media":0,"parent":0,"menu_order":0,"comment_status":"closed","ping_status":"closed","template":"sup-page.php","meta":{"site-sidebar-layout":"no-sidebar","site-content-layout":"default","ast-global-header-display":"","ast-banner-title-visibility":"","ast-main-header-display":"","ast-hfb-above-header-display":"","ast-hfb-below-header-display":"","ast-hfb-mobile-header-display":"","site-post-title":"disabled","ast-breadcrumbs-content":"","ast-featured-img":"","footer-sml-layout":"","theme-transparent-header-meta":"default","adv-header-id-meta":"","stick-header-meta":"","header-above-stick-meta":"","header-main-stick-meta":"","header-below-stick-meta":""},"_links":{"self":[{"href":"https:\/\/fresh60days.com\/vi\/wp-json\/wp\/v2\/pages\/754"}],"collection":[{"href":"https:\/\/fresh60days.com\/vi\/wp-json\/wp\/v2\/pages"}],"about":[{"href":"https:\/\/fresh60days.com\/vi\/wp-json\/wp\/v2\/types\/page"}],"author":[{"embeddable":true,"href":"https:\/\/fresh60days.com\/vi\/wp-json\/wp\/v2\/users\/4"}],"replies":[{"embeddable":true,"href":"https:\/\/fresh60days.com\/vi\/wp-json\/wp\/v2\/comments?post=754"}],"version-history":[{"count":49,"href":"https:\/\/fresh60days.com\/vi\/wp-json\/wp\/v2\/pages\/754\/revisions"}],"predecessor-version":[{"id":1140,"href":"https:\/\/fresh60days.com\/vi\/wp-json\/wp\/v2\/pages\/754\/revisions\/1140"}],"wp:attachment":[{"href":"https:\/\/fresh60days.com\/vi\/wp-json\/wp\/v2\/media?parent=754"}],"curies":[{"name":"wp","href":"https:\/\/api.w.org\/{rel}","templated":true}]}}